{"id":141,"date":"2024-05-29T22:17:14","date_gmt":"2024-05-29T22:17:14","guid":{"rendered":"https:\/\/talanta.interdesk.es\/?page_id=141"},"modified":"2024-05-29T22:17:26","modified_gmt":"2024-05-29T22:17:26","slug":"aviso-integral-de-privacidad","status":"publish","type":"page","link":"https:\/\/talanta.mx\/?page_id=141","title":{"rendered":"AVISO INTEGRAL DE PRIVACIDAD"},"content":{"rendered":"\t\t<div data-elementor-type=\"wp-page\" data-elementor-id=\"141\" class=\"elementor elementor-141\" data-elementor-post-type=\"page\">\n\t\t\t\t<div class=\"elementor-element elementor-element-a4fb59c e-flex e-con-boxed e-con e-parent\" data-id=\"a4fb59c\" data-element_type=\"container\">\n\t\t\t\t\t<div class=\"e-con-inner\">\n\t\t\t\t<div class=\"elementor-element elementor-element-4662a9c elementor-widget elementor-widget-text-editor\" data-id=\"4662a9c\" data-element_type=\"widget\" data-widget_type=\"text-editor.default\">\n\t\t\t\t<div class=\"elementor-widget-container\">\n\t\t\t<style>\/*! elementor - v3.21.0 - 22-05-2024 *\/\n.elementor-widget-text-editor.elementor-drop-cap-view-stacked .elementor-drop-cap{background-color:#69727d;color:#fff}.elementor-widget-text-editor.elementor-drop-cap-view-framed .elementor-drop-cap{color:#69727d;border:3px solid;background-color:transparent}.elementor-widget-text-editor:not(.elementor-drop-cap-view-default) .elementor-drop-cap{margin-top:8px}.elementor-widget-text-editor:not(.elementor-drop-cap-view-default) .elementor-drop-cap-letter{width:1em;height:1em}.elementor-widget-text-editor .elementor-drop-cap{float:left;text-align:center;line-height:1;font-size:50px}.elementor-widget-text-editor .elementor-drop-cap-letter{display:inline-block}<\/style>\t\t\t\t<p>El presente Aviso Integral de Privacidad tiene por objeto la protecci\u00f3n de los datos personales, mediante su tratamiento leg\u00edtimo, controlado e informado, a efecto de garantizar su privacidad, as\u00ed como el derecho a la autodeterminaci\u00f3n informativa. En este sentido,\u00a0<strong>PROYECTOS ATB, S.A. DE C.V.<\/strong>\u00a0ha desarrollado y mantiene actualizadas pol\u00edticas, procedimientos y controles de seguridad y confidencialidad de la informaci\u00f3n.<\/p><p><strong>PROYECTOS ATB, S.A. DE C.V.<\/strong>\u00a0recaba los siguientes datos personales:<\/p><ol><li><strong>Datos de identidad y contacto<\/strong>: Nombre completo, lugar, edad, sexo, estado civil, domicilio(s); direcci\u00f3n de correo electr\u00f3nico, as\u00ed como cualquier otro dato que deba recabarse conforme a las leyes regulatorias de nuestro pa\u00eds.<\/li><\/ol><p>El tratamiento de datos personales que realiza\u00a0<strong>PROYECTOS ATB, S.A. DE C.V.<\/strong>\u00a0y sus encargados se orienta necesariamente a: (i) brindar servicios de asesor\u00eda inmobiliaria y de construcci\u00f3n, (ii) coordinar su portafolio de negocios y, en general; (vii) tratar sus datos personales en la medida que convenga a sus intereses.<\/p><p>Le informamos que sus datos personales pueden ser transferidos y tratados con terceros, nacionales o extranjeros, que le provean de servicios necesarios por la contrataci\u00f3n de su servicio con\u00a0<strong>PROYECTOS ATB, S.A. DE C.V.<\/strong>, as\u00ed como sus afiliados, subsidiarios, asociados, sociedades integrantes de\u00a0<strong>PROYECTOS S.A. DE C.V.<\/strong>\u00a0No obstante,\u00a0<strong>PROYECTOS ATB, S.A. DE C.V.<\/strong>\u00a0no trasmitir\u00e1 sus datos personales a terceros o ajenos no autorizados que pudieran tener acceso a la misma, o bien pudieran hacer un mal uso de ella.<\/p><p><strong>PROYECTOS ATB, S.A. DE C.V.<\/strong>\u00a0podr\u00e1 transferir los Datos Personales a autoridades de cualquier nivel (Federales, Estatales, Municipales), organismos p\u00fablicos y privados, siempre y cuando sean solicitados para dar cumplimiento a un requerimiento por parte de la autoridad o por mandato de ley, a diversas empresas y\/o personas f\u00edsicas, dentro y fuera de M\u00e9xico, as\u00ed\u00a0<strong>PROYECTOS ATB, S.A DE C.V.<\/strong>\u00a0podr\u00e1 conservar sus datos personales en bases de datos ubicadas en su domicilio actual o en cualquier otro futuro, tanto en el pa\u00eds o en el extranjero.<\/p><p>La temporalidad del manejo de sus Datos Personales ser\u00e1 la que otorguen las disposiciones normativas vigentes, pudiendo oponerse al manejo de estos en cualquier momento que lo considere oportuno, con las limitaciones de Ley; en caso de que su solicitud de oposici\u00f3n sea procedente,\u00a0<strong>PROYECTOS ATB, S.A DE C.V.<\/strong>\u00a0dejar\u00e1 de manejar sus Datos Personales sin ninguna responsabilidad de nuestra parte.<\/p><p>De esta manera, se entender\u00e1 que usted como titular, proporciona y consiente t\u00e1citamente el tratamiento de sus datos personales, poni\u00e9ndolos a disposici\u00f3n de\u00a0<strong>PROYECTOS ATB, S.A DE C.V.<\/strong>, conforme a lo enunciado en el presente Aviso Integral de Privacidad.<\/p><p>Por lo que, en t\u00e9rminos de lo establecido por Ley, podr\u00e1 en cualquier momento ejercer tus derechos de acceso, rectificaci\u00f3n, cancelaci\u00f3n y oposici\u00f3n (ARCO) al tratamiento de tus datos personales, siendo procedentes los \u00faltimos dos casos, s\u00f3lo cuando lo establezca la regulaci\u00f3n vigente. Para ejercitarlos, deber\u00e1 presentar ante\u00a0<strong>PROYECTOS ATB, S.A. DE C.V.<\/strong>\u00a0la solicitud correspondiente, acompa\u00f1ando identificaci\u00f3n oficial, a trav\u00e9s de correo electr\u00f3nico\u00a0<span id=\"cloak2d2ad4ababb5eb596a67b02e761cb5aa\"><a href=\"mailto:javierca@proyectosatb.mx\">javierca@proyectosatb.mx<\/a><\/span>\u00a0y\/o\u00a0<span id=\"cloak1fba86dd00cc447d8208d7474025f83d\"><a href=\"mailto:aliciarr@proyectosatb.mx\">aliciarr@proyectosatb.mx<\/a><\/span>\u00a0.Recibida la solicitud, ser\u00e1n aplicados los procedimientos establecidos para la atenci\u00f3n del ejercicio de los derechos ARCO, y en un plazo de 20 d\u00edas h\u00e1biles contados a partir del d\u00eda en que se acuse de recibo su solicitud, ser\u00e1 emitida la respuesta respectiva.<\/p><p>Por \u00faltimo, cualquier cambio o actualizaci\u00f3n por parte de\u00a0<strong>PROYECTOS ATB, S.A. DE C.V.<\/strong>\u00a0al presente aviso se har\u00e1 de su conocimiento a trav\u00e9s p\u00e1gina electr\u00f3nica www.proyectosatb.mx, en la secci\u00f3n \u201cAviso de Privacidad\u201d, conforme a lo establecido en las disposiciones normativas vigentes.<\/p><p><strong>ATENTAMENTE<\/strong><\/p><p><strong>PROYECTOS ATB, S.A. DE C.V.<\/strong>\u00a0con domicilio en Av. V\u00eda Atlixc\u00e1yotl, n\u00famero 4008 interior 201, Colonia Santa Mar\u00eda Tonanzintla, C.P. 72840 en la Ciudad de Puebla, Puebla..<\/p>\t\t\t\t\t\t<\/div>\n\t\t\t\t<\/div>\n\t\t\t\t\t<\/div>\n\t\t\t\t<\/div>\n\t\t\t\t<\/div>\n\t\t","protected":false},"excerpt":{"rendered":"<p>El presente Aviso Integral de Privacidad tiene por objeto la protecci\u00f3n de los datos personales, mediante su tratamiento leg\u00edtimo, controlado e informado, a efecto de garantizar su privacidad, as\u00ed como el derecho a la autodeterminaci\u00f3n informativa. En este sentido,\u00a0PROYECTOS ATB, S.A. DE C.V.\u00a0ha desarrollado y mantiene actualizadas pol\u00edticas, procedimientos y controles de seguridad y confidencialidad [&hellip;]<\/p>\n","protected":false},"author":1,"featured_media":0,"parent":0,"menu_order":0,"comment_status":"closed","ping_status":"closed","template":"","meta":{"footnotes":""},"class_list":["post-141","page","type-page","status-publish","hentry"],"_links":{"self":[{"href":"https:\/\/talanta.mx\/index.php?rest_route=\/wp\/v2\/pages\/141","targetHints":{"allow":["GET"]}}],"collection":[{"href":"https:\/\/talanta.mx\/index.php?rest_route=\/wp\/v2\/pages"}],"about":[{"href":"https:\/\/talanta.mx\/index.php?rest_route=\/wp\/v2\/types\/page"}],"author":[{"embeddable":true,"href":"https:\/\/talanta.mx\/index.php?rest_route=\/wp\/v2\/users\/1"}],"replies":[{"embeddable":true,"href":"https:\/\/talanta.mx\/index.php?rest_route=%2Fwp%2Fv2%2Fcomments&post=141"}],"version-history":[{"count":4,"href":"https:\/\/talanta.mx\/index.php?rest_route=\/wp\/v2\/pages\/141\/revisions"}],"predecessor-version":[{"id":145,"href":"https:\/\/talanta.mx\/index.php?rest_route=\/wp\/v2\/pages\/141\/revisions\/145"}],"wp:attachment":[{"href":"https:\/\/talanta.mx\/index.php?rest_route=%2Fwp%2Fv2%2Fmedia&parent=141"}],"curies":[{"name":"wp","href":"https:\/\/api.w.org\/{rel}","templated":true}]}}