{"id":136,"date":"2024-05-29T22:16:37","date_gmt":"2024-05-29T22:16:37","guid":{"rendered":"https:\/\/talanta.interdesk.es\/?page_id=136"},"modified":"2024-05-29T22:16:56","modified_gmt":"2024-05-29T22:16:56","slug":"terminos-y-condiciones","status":"publish","type":"page","link":"https:\/\/talanta.mx\/?page_id=136","title":{"rendered":"t\u00e9rminos y condiciones"},"content":{"rendered":"\t\t<div data-elementor-type=\"wp-page\" data-elementor-id=\"136\" class=\"elementor elementor-136\" data-elementor-post-type=\"page\">\n\t\t\t\t<div class=\"elementor-element elementor-element-9df9649 e-flex e-con-boxed e-con e-parent\" data-id=\"9df9649\" data-element_type=\"container\">\n\t\t\t\t\t<div class=\"e-con-inner\">\n\t\t\t\t<div class=\"elementor-element elementor-element-a065e05 elementor-widget elementor-widget-text-editor\" data-id=\"a065e05\" data-element_type=\"widget\" data-widget_type=\"text-editor.default\">\n\t\t\t\t<div class=\"elementor-widget-container\">\n\t\t\t<style>\/*! elementor - v3.21.0 - 22-05-2024 *\/\n.elementor-widget-text-editor.elementor-drop-cap-view-stacked .elementor-drop-cap{background-color:#69727d;color:#fff}.elementor-widget-text-editor.elementor-drop-cap-view-framed .elementor-drop-cap{color:#69727d;border:3px solid;background-color:transparent}.elementor-widget-text-editor:not(.elementor-drop-cap-view-default) .elementor-drop-cap{margin-top:8px}.elementor-widget-text-editor:not(.elementor-drop-cap-view-default) .elementor-drop-cap-letter{width:1em;height:1em}.elementor-widget-text-editor .elementor-drop-cap{float:left;text-align:center;line-height:1;font-size:50px}.elementor-widget-text-editor .elementor-drop-cap-letter{display:inline-block}<\/style>\t\t\t\t<p><strong>T\u00c9RMINOS Y CONDICIONES DE USO<\/strong><\/p><p>El presente contenido establece los t\u00e9rminos y condiciones (en adelante, las \u201cCondiciones Generales\u201d) para el uso de los contenidos y servicios del Sitio Web proyectosatb.mx (en adelante \u201cSitio Web\u201d).<\/p><p>En caso de no estar de acuerdo con las Condiciones Generales, por favor, abandone el Sitio Web y abst\u00e9ngase de utilizar los Servicios que se ofrecen. La utilizaci\u00f3n por el usuario del Sitio Web se entender\u00e1 como aceptaci\u00f3n plena y sin reservas de las Condiciones Generales aqu\u00ed establecidas.<\/p><p>En adelante, los t\u00e9rminos \u201cUsted\u201d y \u201cUsuario\u201d ser\u00e1n utilizados para hacer referencia a todas las personas f\u00edsicas y\/o jur\u00eddicas que por cualquier raz\u00f3n accedan al Sitio Web.<\/p><ol><li><strong>Acceso y Uso.<\/strong><ol><li>El Usuario se compromete a utilizar el Sitio Web de conformidad con estas Condiciones Generales, y las leyes aplicables.<\/li><li>El acceso y utilizaci\u00f3n del Sitio Web no exige la previa suscripci\u00f3n o registro del Usuario, pero s\u00ed un posible formulario donde se le soliciten algunos datos de contacto.<\/li><li>El contenido de cada mensaje enviado por el Usuario a trav\u00e9s del Sitio Web es de \u00fanica y exclusiva responsabilidad del Usuario. PROYECTOS ATB, S.A. DE C.V. no garantiza la veracidad de los datos personales y contenidos de cada mensaje efectuados por el Usuario.<\/li><li>El Usuario se obliga a abstenerse de utilizar el Sitio Web con fines o efectos il\u00edcitos, contrarios a lo establecido en las Condiciones Generales, lesivos de los derechos e intereses de terceros, o que de cualquier forma puedan da\u00f1ar, inutilizar, sobrecargar o deteriorar el Sitio Web o impedir la normal utilizaci\u00f3n del Sitio Web por parte de los Usuarios.<\/li><li>El Usuario acepta voluntariamente que el acceso y el uso del presente Sitio Web queda bajo su exclusiva y \u00fanica responsabilidad.<\/li><\/ol><\/li><\/ol><ol start=\"2\"><li><strong>Confidencialidad.<\/strong><ol><li>Los contenidos de este Sitio Web, tales como texto, informaci\u00f3n, gr\u00e1ficos, im\u00e1genes, logos, marcas, bases de datos, dise\u00f1os, arquitectura funcional y cualquier otro material (en adelante, el \u201cContenido\u201d) est\u00e1n protegidos por las leyes aplicables para el Estado de Puebla, incluyendo las leyes sobre derechos de autor, patentes, marcas, modelos de utilidad y dise\u00f1os industriales.<\/li><li>Todo el Contenido es propiedad de PROYECTOS ATB, S.A. DE C.V. y\/o de cualquier otra sociedad vinculada y\/o de sus proveedores de contenido. El uso, adaptaci\u00f3n, reproducci\u00f3n y\/o comercializaci\u00f3n no autorizada del Contenido puede encontrarse penado por la legislaci\u00f3n vigente en cada jurisdicci\u00f3n.<\/li><\/ol><\/li><\/ol><p><strong>\u00a0<\/strong><\/p><p>Estos T\u00e9rminos y Condiciones fueron actualizados por \u00faltima vez el cuatro de diciembre de 2020. *<\/p>\t\t\t\t\t\t<\/div>\n\t\t\t\t<\/div>\n\t\t\t\t\t<\/div>\n\t\t\t\t<\/div>\n\t\t\t\t<\/div>\n\t\t","protected":false},"excerpt":{"rendered":"<p>T\u00c9RMINOS Y CONDICIONES DE USO El presente contenido establece los t\u00e9rminos y condiciones (en adelante, las \u201cCondiciones Generales\u201d) para el uso de los contenidos y servicios del Sitio Web proyectosatb.mx (en adelante \u201cSitio Web\u201d). En caso de no estar de acuerdo con las Condiciones Generales, por favor, abandone el Sitio Web y abst\u00e9ngase de utilizar [&hellip;]<\/p>\n","protected":false},"author":1,"featured_media":0,"parent":0,"menu_order":0,"comment_status":"closed","ping_status":"closed","template":"","meta":{"footnotes":""},"class_list":["post-136","page","type-page","status-publish","hentry"],"_links":{"self":[{"href":"https:\/\/talanta.mx\/index.php?rest_route=\/wp\/v2\/pages\/136","targetHints":{"allow":["GET"]}}],"collection":[{"href":"https:\/\/talanta.mx\/index.php?rest_route=\/wp\/v2\/pages"}],"about":[{"href":"https:\/\/talanta.mx\/index.php?rest_route=\/wp\/v2\/types\/page"}],"author":[{"embeddable":true,"href":"https:\/\/talanta.mx\/index.php?rest_route=\/wp\/v2\/users\/1"}],"replies":[{"embeddable":true,"href":"https:\/\/talanta.mx\/index.php?rest_route=%2Fwp%2Fv2%2Fcomments&post=136"}],"version-history":[{"count":4,"href":"https:\/\/talanta.mx\/index.php?rest_route=\/wp\/v2\/pages\/136\/revisions"}],"predecessor-version":[{"id":140,"href":"https:\/\/talanta.mx\/index.php?rest_route=\/wp\/v2\/pages\/136\/revisions\/140"}],"wp:attachment":[{"href":"https:\/\/talanta.mx\/index.php?rest_route=%2Fwp%2Fv2%2Fmedia&parent=136"}],"curies":[{"name":"wp","href":"https:\/\/api.w.org\/{rel}","templated":true}]}}